{"id":19,"date":"2023-12-20T01:20:55","date_gmt":"2023-12-20T01:20:55","guid":{"rendered":"https:\/\/quo-studio.com\/?page_id=19"},"modified":"2024-01-15T14:59:41","modified_gmt":"2024-01-15T14:59:41","slug":"home","status":"publish","type":"page","link":"https:\/\/quo-studio.com\/en\/","title":{"rendered":"Home"},"content":{"rendered":"<div data-elementor-type=\"wp-page\" data-elementor-id=\"19\" class=\"elementor elementor-19\">\n\t\t\t\t<div class=\"elementor-element elementor-element-497d0ede e-flex e-con-boxed e-con e-parent\" data-id=\"497d0ede\" data-element_type=\"container\">\n\t\t\t\t\t<div class=\"e-con-inner\">\n\t\t\t\t<div class=\"elementor-element elementor-element-f323253 elementor-widget elementor-widget-image\" data-id=\"f323253\" data-element_type=\"widget\" data-widget_type=\"image.default\">\n\t\t\t\t<div class=\"elementor-widget-container\">\n\t\t\t\t\t\t\t\t\t\t\t\t\t\t\t<img fetchpriority=\"high\" decoding=\"async\" width=\"1024\" height=\"576\" src=\"https:\/\/quo-studio.com\/wp-content\/uploads\/2024\/01\/Portada-web-24cu-720p-vs2.gif\" class=\"attachment-large size-large wp-image-1737\" alt=\"\" \/>\t\t\t\t\t\t\t\t\t\t\t\t\t\t\t<\/div>\n\t\t\t\t<\/div>\n\t\t\t\t<div class=\"elementor-element elementor-element-665e7137 elementor-widget__width-initial elementor-widget-tablet__width-initial elementor-widget elementor-widget-text-editor\" data-id=\"665e7137\" data-element_type=\"widget\" data-widget_type=\"text-editor.default\">\n\t\t\t\t<div class=\"elementor-widget-container\">\n\t\t\t\t\t\t\t\t\t<p>Quo es una agencia de comunicaci\u00f3n integral. Desarrollamos estrategias y campa\u00f1as con marcas que mueven industrias.<\/p><p>Creatividad &#8211; Producci\u00f3n &#8211; Experimentaci\u00f3n<\/p>\t\t\t\t\t\t\t\t<\/div>\n\t\t\t\t<\/div>\n\t\t\t\t<div class=\"elementor-element elementor-element-2acae77 elementor-widget-divider--view-line elementor-widget elementor-widget-divider\" data-id=\"2acae77\" data-element_type=\"widget\" data-widget_type=\"divider.default\">\n\t\t\t\t<div class=\"elementor-widget-container\">\n\t\t\t\t\t\t\t<div class=\"elementor-divider\">\n\t\t\t<span class=\"elementor-divider-separator\">\n\t\t\t\t\t\t<\/span>\n\t\t<\/div>\n\t\t\t\t\t\t<\/div>\n\t\t\t\t<\/div>\n\t\t\t\t\t<\/div>\n\t\t\t\t<\/div>\n\t\t<div class=\"elementor-element elementor-element-5eb3fd8c e-flex e-con-boxed e-con e-parent\" data-id=\"5eb3fd8c\" data-element_type=\"container\">\n\t\t\t\t\t<div class=\"e-con-inner\">\n\t\t\t\t<div class=\"elementor-element elementor-element-3c944c6a elementor-widget elementor-widget-heading\" data-id=\"3c944c6a\" data-element_type=\"widget\" data-widget_type=\"heading.default\">\n\t\t\t\t<div class=\"elementor-widget-container\">\n\t\t\t\t\t<h2 class=\"elementor-heading-title elementor-size-default\">NEWS<\/h2>\t\t\t\t<\/div>\n\t\t\t\t<\/div>\n\t\t\t\t\t<\/div>\n\t\t\t\t<\/div>\n\t\t<div class=\"elementor-element elementor-element-12f62a93 e-flex e-con-boxed e-con e-parent\" data-id=\"12f62a93\" data-element_type=\"container\">\n\t\t\t\t\t<div class=\"e-con-inner\">\n\t\t<div class=\"elementor-element elementor-element-220d8609 e-con-full e-flex e-con e-child\" data-id=\"220d8609\" data-element_type=\"container\">\n\t\t\t\t<div class=\"elementor-element elementor-element-141a2203 elementor-widget elementor-widget-image\" data-id=\"141a2203\" data-element_type=\"widget\" data-widget_type=\"image.default\">\n\t\t\t\t<div class=\"elementor-widget-container\">\n\t\t\t\t\t\t\t\t\t\t\t\t\t\t\t<img decoding=\"async\" width=\"692\" height=\"390\" src=\"https:\/\/quo-studio.com\/wp-content\/uploads\/2023\/12\/EVENTOS.png\" class=\"attachment-large size-large wp-image-396\" alt=\"\" srcset=\"https:\/\/quo-studio.com\/wp-content\/uploads\/2023\/12\/EVENTOS.png 692w, https:\/\/quo-studio.com\/wp-content\/uploads\/2023\/12\/EVENTOS-300x169.png 300w, https:\/\/quo-studio.com\/wp-content\/uploads\/2023\/12\/EVENTOS-18x10.png 18w\" sizes=\"(max-width: 692px) 100vw, 692px\" \/>\t\t\t\t\t\t\t\t\t\t\t\t\t\t\t<\/div>\n\t\t\t\t<\/div>\n\t\t\t\t<div class=\"elementor-element elementor-element-1d2db0db elementor-widget elementor-widget-text-editor\" data-id=\"1d2db0db\" data-element_type=\"widget\" data-widget_type=\"text-editor.default\">\n\t\t\t\t<div class=\"elementor-widget-container\">\n\t\t\t\t\t\t\t\t\t<h3>\u00a1Equipo QUO!<\/h3><p>Desarrollamos estrategias efectivas y generamos impacto mediante campa\u00f1as innovadoras. Conf\u00eda en nuestra capacidad para abordar desaf\u00edos con soluciones integrales y exitosas.<\/p>\t\t\t\t\t\t\t\t<\/div>\n\t\t\t\t<\/div>\n\t\t\t\t<\/div>\n\t\t<div class=\"elementor-element elementor-element-6058833b e-con-full e-flex e-con e-child\" data-id=\"6058833b\" data-element_type=\"container\">\n\t\t\t\t<div class=\"elementor-element elementor-element-2fff0d7 elementor-widget elementor-widget-image\" data-id=\"2fff0d7\" data-element_type=\"widget\" data-widget_type=\"image.default\">\n\t\t\t\t<div class=\"elementor-widget-container\">\n\t\t\t\t\t\t\t\t\t\t\t\t\t\t\t<img decoding=\"async\" width=\"692\" height=\"390\" src=\"https:\/\/quo-studio.com\/wp-content\/uploads\/2023\/12\/NUEVO.png\" class=\"attachment-medium_large size-medium_large wp-image-397\" alt=\"\" srcset=\"https:\/\/quo-studio.com\/wp-content\/uploads\/2023\/12\/NUEVO.png 692w, https:\/\/quo-studio.com\/wp-content\/uploads\/2023\/12\/NUEVO-300x169.png 300w, https:\/\/quo-studio.com\/wp-content\/uploads\/2023\/12\/NUEVO-18x10.png 18w\" sizes=\"(max-width: 692px) 100vw, 692px\" \/>\t\t\t\t\t\t\t\t\t\t\t\t\t\t\t<\/div>\n\t\t\t\t<\/div>\n\t\t\t\t<div class=\"elementor-element elementor-element-4459af7e elementor-widget elementor-widget-text-editor\" data-id=\"4459af7e\" data-element_type=\"widget\" data-widget_type=\"text-editor.default\">\n\t\t\t\t<div class=\"elementor-widget-container\">\n\t\t\t\t\t\t\t\t\t<h3>Welcome to TicketMaster!<\/h3><p>Hay una nueva ticketera en el mercado, es TicketMaster. Nos complace presentar a la nueva ticketera que se est\u00e1 llevando el mercado de los conciertos.<\/p>\t\t\t\t\t\t\t\t<\/div>\n\t\t\t\t<\/div>\n\t\t\t\t<\/div>\n\t\t\t\t\t<\/div>\n\t\t\t\t<\/div>\n\t\t<div class=\"elementor-element elementor-element-6581107 e-flex e-con-boxed e-con e-parent\" data-id=\"6581107\" data-element_type=\"container\">\n\t\t\t\t\t<div class=\"e-con-inner\">\n\t\t<div class=\"elementor-element elementor-element-662dd3fb e-con-full e-flex e-con e-child\" data-id=\"662dd3fb\" data-element_type=\"container\">\n\t\t\t\t<div class=\"elementor-element elementor-element-3008c051 elementor-widget elementor-widget-image\" data-id=\"3008c051\" data-element_type=\"widget\" data-widget_type=\"image.default\">\n\t\t\t\t<div class=\"elementor-widget-container\">\n\t\t\t\t\t\t\t\t\t\t\t\t\t\t\t<img loading=\"lazy\" decoding=\"async\" width=\"1024\" height=\"576\" src=\"https:\/\/quo-studio.com\/wp-content\/uploads\/2024\/01\/portada-la-cultura-1024x576.png\" class=\"attachment-large size-large wp-image-1741\" alt=\"\" srcset=\"https:\/\/quo-studio.com\/wp-content\/uploads\/2024\/01\/portada-la-cultura-1024x576.png 1024w, https:\/\/quo-studio.com\/wp-content\/uploads\/2024\/01\/portada-la-cultura-300x169.png 300w, https:\/\/quo-studio.com\/wp-content\/uploads\/2024\/01\/portada-la-cultura-768x432.png 768w, https:\/\/quo-studio.com\/wp-content\/uploads\/2024\/01\/portada-la-cultura-1536x864.png 1536w, https:\/\/quo-studio.com\/wp-content\/uploads\/2024\/01\/portada-la-cultura-18x10.png 18w, https:\/\/quo-studio.com\/wp-content\/uploads\/2024\/01\/portada-la-cultura.png 1920w\" sizes=\"(max-width: 1024px) 100vw, 1024px\" \/>\t\t\t\t\t\t\t\t\t\t\t\t\t\t\t<\/div>\n\t\t\t\t<\/div>\n\t\t\t\t<div class=\"elementor-element elementor-element-2c6089fa elementor-widget elementor-widget-text-editor\" data-id=\"2c6089fa\" data-element_type=\"widget\" data-widget_type=\"text-editor.default\">\n\t\t\t\t<div class=\"elementor-widget-container\">\n\t\t\t\t\t\t\t\t\t<h3>LA CVLTVRA<\/h3><p>En el \u00e1mbito musical, surge un equipo integrado por productores, compositores, int\u00e9rpretes, directores y artistas gr\u00e1ficos, entre otros, con una firme determinaci\u00f3n de destacar en la escena musical peruana.<\/p>\t\t\t\t\t\t\t\t<\/div>\n\t\t\t\t<\/div>\n\t\t\t\t<div class=\"elementor-element elementor-element-355d7c8c elementor-widget__width-initial elementor-absolute elementor-hidden-tablet elementor-hidden-mobile elementor-widget elementor-widget-image\" data-id=\"355d7c8c\" data-element_type=\"widget\" data-settings=\"{&quot;_position&quot;:&quot;absolute&quot;}\" data-widget_type=\"image.default\">\n\t\t\t\t<div class=\"elementor-widget-container\">\n\t\t\t\t\t\t\t\t\t\t\t\t\t\t\t<img loading=\"lazy\" decoding=\"async\" width=\"156\" height=\"157\" src=\"https:\/\/quo-studio.com\/wp-content\/uploads\/2023\/12\/Esquina.png\" class=\"attachment-full size-full wp-image-421\" alt=\"\" srcset=\"https:\/\/quo-studio.com\/wp-content\/uploads\/2023\/12\/Esquina.png 156w, https:\/\/quo-studio.com\/wp-content\/uploads\/2023\/12\/Esquina-150x150.png 150w, https:\/\/quo-studio.com\/wp-content\/uploads\/2023\/12\/Esquina-12x12.png 12w\" sizes=\"(max-width: 156px) 100vw, 156px\" \/>\t\t\t\t\t\t\t\t\t\t\t\t\t\t\t<\/div>\n\t\t\t\t<\/div>\n\t\t\t\t<\/div>\n\t\t<div class=\"elementor-element elementor-element-4674c05a e-con-full e-flex e-con e-child\" data-id=\"4674c05a\" data-element_type=\"container\">\n\t\t\t\t<div class=\"elementor-element elementor-element-22ea8b6a elementor-widget elementor-widget-image\" data-id=\"22ea8b6a\" data-element_type=\"widget\" data-widget_type=\"image.default\">\n\t\t\t\t<div class=\"elementor-widget-container\">\n\t\t\t\t\t\t\t\t\t\t\t\t\t\t\t<img loading=\"lazy\" decoding=\"async\" width=\"692\" height=\"390\" src=\"https:\/\/quo-studio.com\/wp-content\/uploads\/2023\/12\/SERVICIOS.png\" class=\"attachment-large size-large wp-image-398\" alt=\"\" srcset=\"https:\/\/quo-studio.com\/wp-content\/uploads\/2023\/12\/SERVICIOS.png 692w, https:\/\/quo-studio.com\/wp-content\/uploads\/2023\/12\/SERVICIOS-300x169.png 300w, https:\/\/quo-studio.com\/wp-content\/uploads\/2023\/12\/SERVICIOS-18x10.png 18w\" sizes=\"(max-width: 692px) 100vw, 692px\" \/>\t\t\t\t\t\t\t\t\t\t\t\t\t\t\t<\/div>\n\t\t\t\t<\/div>\n\t\t\t\t<div class=\"elementor-element elementor-element-7285be50 elementor-widget elementor-widget-text-editor\" data-id=\"7285be50\" data-element_type=\"widget\" data-widget_type=\"text-editor.default\">\n\t\t\t\t<div class=\"elementor-widget-container\">\n\t\t\t\t\t\t\t\t\t<h3>Nuevos Servicios en QUO<\/h3><p>Conoce c\u00f3mo acceder a todos los servicios indispensables para comprender la comunicaci\u00f3n y repotenciarla a una \u00fanica tarifa plana.\u00a0\u00a0<\/p>\t\t\t\t\t\t\t\t<\/div>\n\t\t\t\t<\/div>\n\t\t\t\t<div class=\"elementor-element elementor-element-1dc9edce elementor-widget__width-initial elementor-absolute elementor-hidden-tablet elementor-hidden-mobile elementor-widget elementor-widget-image\" data-id=\"1dc9edce\" data-element_type=\"widget\" data-settings=\"{&quot;_position&quot;:&quot;absolute&quot;}\" data-widget_type=\"image.default\">\n\t\t\t\t<div class=\"elementor-widget-container\">\n\t\t\t\t\t\t\t\t\t\t\t\t\t\t\t<img loading=\"lazy\" decoding=\"async\" width=\"156\" height=\"157\" src=\"https:\/\/quo-studio.com\/wp-content\/uploads\/2023\/12\/esquina_2.png\" class=\"attachment-full size-full wp-image-422\" alt=\"\" srcset=\"https:\/\/quo-studio.com\/wp-content\/uploads\/2023\/12\/esquina_2.png 156w, https:\/\/quo-studio.com\/wp-content\/uploads\/2023\/12\/esquina_2-150x150.png 150w, https:\/\/quo-studio.com\/wp-content\/uploads\/2023\/12\/esquina_2-12x12.png 12w\" sizes=\"(max-width: 156px) 100vw, 156px\" \/>\t\t\t\t\t\t\t\t\t\t\t\t\t\t\t<\/div>\n\t\t\t\t<\/div>\n\t\t\t\t<\/div>\n\t\t\t\t\t<\/div>\n\t\t\t\t<\/div>\n\t\t<div class=\"elementor-element elementor-element-58aeb46d e-flex e-con-boxed e-con e-parent\" data-id=\"58aeb46d\" data-element_type=\"container\">\n\t\t\t\t\t<div class=\"e-con-inner\">\n\t\t<div class=\"elementor-element elementor-element-53c1c614 e-con-full e-flex e-con e-child\" data-id=\"53c1c614\" data-element_type=\"container\">\n\t\t\t\t<div class=\"elementor-element elementor-element-1931a624 elementor-widget elementor-widget-image\" data-id=\"1931a624\" data-element_type=\"widget\" data-widget_type=\"image.default\">\n\t\t\t\t<div class=\"elementor-widget-container\">\n\t\t\t\t\t\t\t\t\t\t\t\t\t\t\t<img loading=\"lazy\" decoding=\"async\" width=\"692\" height=\"390\" src=\"https:\/\/quo-studio.com\/wp-content\/uploads\/2023\/12\/EQUIPOS.png\" class=\"attachment-large size-large wp-image-395\" alt=\"\" srcset=\"https:\/\/quo-studio.com\/wp-content\/uploads\/2023\/12\/EQUIPOS.png 692w, https:\/\/quo-studio.com\/wp-content\/uploads\/2023\/12\/EQUIPOS-300x169.png 300w, https:\/\/quo-studio.com\/wp-content\/uploads\/2023\/12\/EQUIPOS-18x10.png 18w\" sizes=\"(max-width: 692px) 100vw, 692px\" \/>\t\t\t\t\t\t\t\t\t\t\t\t\t\t\t<\/div>\n\t\t\t\t<\/div>\n\t\t\t\t<div class=\"elementor-element elementor-element-31871947 elementor-widget elementor-widget-text-editor\" data-id=\"31871947\" data-element_type=\"widget\" data-widget_type=\"text-editor.default\">\n\t\t\t\t<div class=\"elementor-widget-container\">\n\t\t\t\t\t\t\t\t\t<h3>\u00a1Ideas 4 Sale!<\/h3><p>Este formato es creado para resolver esos problemas en tu negocio o traer ideas frescas e innovadoras para llevar a tu negocio al siguiente nivel.<\/p>\t\t\t\t\t\t\t\t<\/div>\n\t\t\t\t<\/div>\n\t\t\t\t<\/div>\n\t\t<div class=\"elementor-element elementor-element-6682c2f4 e-con-full e-flex e-con e-child\" data-id=\"6682c2f4\" data-element_type=\"container\">\n\t\t\t\t<div class=\"elementor-element elementor-element-56bcfafa elementor-widget elementor-widget-image\" data-id=\"56bcfafa\" data-element_type=\"widget\" data-widget_type=\"image.default\">\n\t\t\t\t<div class=\"elementor-widget-container\">\n\t\t\t\t\t\t\t\t\t\t\t\t\t\t\t<img loading=\"lazy\" decoding=\"async\" width=\"692\" height=\"390\" src=\"https:\/\/quo-studio.com\/wp-content\/uploads\/2023\/12\/All-in-one.png\" class=\"attachment-large size-large wp-image-828\" alt=\"\" srcset=\"https:\/\/quo-studio.com\/wp-content\/uploads\/2023\/12\/All-in-one.png 692w, https:\/\/quo-studio.com\/wp-content\/uploads\/2023\/12\/All-in-one-300x169.png 300w, https:\/\/quo-studio.com\/wp-content\/uploads\/2023\/12\/All-in-one-18x10.png 18w\" sizes=\"(max-width: 692px) 100vw, 692px\" \/>\t\t\t\t\t\t\t\t\t\t\t\t\t\t\t<\/div>\n\t\t\t\t<\/div>\n\t\t\t\t<div class=\"elementor-element elementor-element-5607fe9b elementor-widget elementor-widget-text-editor\" data-id=\"5607fe9b\" data-element_type=\"widget\" data-widget_type=\"text-editor.default\">\n\t\t\t\t<div class=\"elementor-widget-container\">\n\t\t\t\t\t\t\t\t\t<h3>Challenge the status<\/h3><p>Descubre c\u00f3mo podemos elevar tu mensaje corporativo a trav\u00e9s de una producci\u00f3n audiovisual de calidad excepcional.<\/p>\t\t\t\t\t\t\t\t<\/div>\n\t\t\t\t<\/div>\n\t\t\t\t<\/div>\n\t\t\t\t\t<\/div>\n\t\t\t\t<\/div>\n\t\t\t\t<\/div>","protected":false},"excerpt":{"rendered":"<p>Quo es una agencia de comunicaci\u00f3n integral. Desarrollamos estrategias y campa\u00f1as con marcas que mueven industrias. Creatividad &#8211; Producci\u00f3n &#8211; Experimentaci\u00f3n NOTICIAS \u00a1Equipo QUO! Desarrollamos estrategias efectivas y generamos impacto mediante campa\u00f1as innovadoras. Conf\u00eda en nuestra capacidad para abordar desaf\u00edos con soluciones integrales y exitosas. \u00a1Bienvenido TicketMaster! Hay una nueva ticketera en el mercado, es [&hellip;]<\/p>","protected":false},"author":1,"featured_media":0,"parent":0,"menu_order":0,"comment_status":"closed","ping_status":"closed","template":"","meta":{"site-sidebar-layout":"no-sidebar","site-content-layout":"plain-container","ast-site-content-layout":"full-width-container","site-content-style":"default","site-sidebar-style":"default","ast-global-header-display":"disabled","ast-banner-title-visibility":"disabled","ast-main-header-display":"","ast-hfb-above-header-display":"","ast-hfb-below-header-display":"","ast-hfb-mobile-header-display":"","site-post-title":"disabled","ast-breadcrumbs-content":"","ast-featured-img":"disabled","footer-sml-layout":"disabled","theme-transparent-header-meta":"enabled","adv-header-id-meta":"","stick-header-meta":"","header-above-stick-meta":"","header-main-stick-meta":"","header-below-stick-meta":"","astra-migrate-meta-layouts":"default","ast-page-background-enabled":"default","ast-page-background-meta":{"desktop":{"background-color":"var(--ast-global-color-4)","background-image":"","background-repeat":"repeat","background-position":"center center","background-size":"auto","background-attachment":"scroll","background-type":"","background-media":"","overlay-type":"","overlay-color":"","overlay-opacity":"","overlay-gradient":""},"tablet":{"background-color":"","background-image":"","background-repeat":"repeat","background-position":"center center","background-size":"auto","background-attachment":"scroll","background-type":"","background-media":"","overlay-type":"","overlay-color":"","overlay-opacity":"","overlay-gradient":""},"mobile":{"background-color":"","background-image":"","background-repeat":"repeat","background-position":"center center","background-size":"auto","background-attachment":"scroll","background-type":"","background-media":"","overlay-type":"","overlay-color":"","overlay-opacity":"","overlay-gradient":""}},"ast-content-background-meta":{"desktop":{"background-color":"var(--ast-global-color-5)","background-image":"","background-repeat":"repeat","background-position":"center center","background-size":"auto","background-attachment":"scroll","background-type":"","background-media":"","overlay-type":"","overlay-color":"","overlay-opacity":"","overlay-gradient":""},"tablet":{"background-color":"var(--ast-global-color-5)","background-image":"","background-repeat":"repeat","background-position":"center center","background-size":"auto","background-attachment":"scroll","background-type":"","background-media":"","overlay-type":"","overlay-color":"","overlay-opacity":"","overlay-gradient":""},"mobile":{"background-color":"var(--ast-global-color-5)","background-image":"","background-repeat":"repeat","background-position":"center center","background-size":"auto","background-attachment":"scroll","background-type":"","background-media":"","overlay-type":"","overlay-color":"","overlay-opacity":"","overlay-gradient":""}},"footnotes":""},"_links":{"self":[{"href":"https:\/\/quo-studio.com\/en\/wp-json\/wp\/v2\/pages\/19"}],"collection":[{"href":"https:\/\/quo-studio.com\/en\/wp-json\/wp\/v2\/pages"}],"about":[{"href":"https:\/\/quo-studio.com\/en\/wp-json\/wp\/v2\/types\/page"}],"author":[{"embeddable":true,"href":"https:\/\/quo-studio.com\/en\/wp-json\/wp\/v2\/users\/1"}],"replies":[{"embeddable":true,"href":"https:\/\/quo-studio.com\/en\/wp-json\/wp\/v2\/comments?post=19"}],"version-history":[{"count":171,"href":"https:\/\/quo-studio.com\/en\/wp-json\/wp\/v2\/pages\/19\/revisions"}],"predecessor-version":[{"id":1749,"href":"https:\/\/quo-studio.com\/en\/wp-json\/wp\/v2\/pages\/19\/revisions\/1749"}],"wp:attachment":[{"href":"https:\/\/quo-studio.com\/en\/wp-json\/wp\/v2\/media?parent=19"}],"curies":[{"name":"wp","href":"https:\/\/api.w.org\/{rel}","templated":true}]}}